{"id":1175,"date":"2011-11-15T15:34:07","date_gmt":"2011-11-15T06:34:07","guid":{"rendered":"http:\/\/www.qcri.or.jp\/lab\/?page_id=1175"},"modified":"2025-03-13T18:05:02","modified_gmt":"2025-03-13T09:05:02","slug":"jcs1105","status":"publish","type":"page","link":"https:\/\/qcri.or.jp\/lab\/ja\/event_ja\/jcs1105","title":{"rendered":"JCS\u7406\u8ad6\u5316\u5b66\u30b7\u30f3\u30dd\u30b8\u30a6\u30e0"},"content":{"rendered":"<h3>\u7b2c8\u56deJCS\u7406\u8ad6\u5316\u5b66\u30b7\u30f3\u30dd\u30b8\u30a6\u30e0(\u672d\u5e4c)\u958b\u50ac<\/h3>\n<p>\u7b2c8\u56deJCS\u7406\u8ad6\u5316\u5b66\u30b7\u30f3\u30dd\u30b8\u30a6\u30e0\u306f2024\u5e746\u670817\u65e5(\u6708)~21\u65e5(\u91d1)\u306b\u5317\u6d77\u9053\u5927\u5b66(\u672d\u5e4c)\u306b\u3066\u958b\u50ac\u4e88\u5b9a\u3067\u3059\u3002<\/p>\n<p>\u8a73\u7d30\u306f<a href=\"https:\/\/www.cat.hokudai.ac.jp\/jcs8\/index.html\">\u3053\u3061\u3089<\/a>\u3092\u3054\u89a7\u304f\u3060\u3055\u3044\u3002\u7686\u3055\u307e\u306e\u3054\u53c2\u52a0\u3092\u304a\u5f85\u3061\u3057\u307e\u3059\u3002<\/p>\n<h3>\u7b2c7\u56deJCS\u7406\u8ad6\u5316\u5b66\u30b7\u30f3\u30dd\u30b8\u30a6\u30e0(\u30c1\u30a7\u30b3)\u958b\u50ac\u306e\u3054\u5831\u544a<\/h3>\n<p>\u7b2c7\u56deJCS\u7406\u8ad6\u5316\u5b66\u30b7\u30f3\u30dd\u30b8\u30a6\u30e0\u304c2018\u5e745\u670821\u65e5(\u6708)-24\u65e5(\u6728)\u306b\u3001IOCB(\u30c1\u30a7\u30b3\u79d1\u5b66\u30a2\u30ab\u30c7\u30df\u30fc,\u30c1\u30a7\u30b3\u5171\u548c\u56fd)\u306b\u3066\u958b\u50ac\u3055\u308c\u307e\u3057\u305f\u3002<br \/>\n\u5199\u771f\u306f <a href=\"https:\/\/qcri.or.jp\/jcs2018photos\/jcs2018photos.html\"><strong>\u3053\u3061\u3089<\/strong><\/a> \u304b\u3089\u3054\u89a7\u3044\u305f\u3060\u3051\u307e\u3059\u3002<\/p>\n<div>\n<p>2018\u5e745\u670823\u65e5\u306b\u4e2d\u8fbb \u535a\u6240\u9577\u304c\u3001\u30c1\u30a7\u30b3\u5171\u548c\u56fd\u79d1\u5b66\u30a2\u30ab\u30c7\u30df\u30fc\u3088\u308a\u300cDe scientia et humanitate optime meritis (Honorary Medal)\u300d\u3092\u6388\u7ae0\u3055\u308c\u307e\u3057\u305f\u3002\u3053\u306e\u30e1\u30c0\u30eb\u306f\u30c1\u30a7\u30b3\u5171\u548c\u56fd\u79d1\u5b66\u30a2\u30ab\u30c7\u30df\u30fc\u6700\u9ad8\u306e\u30e1\u30c0\u30eb\u3067\u3042\u308a\u3001\u4e0b\u8a18\u306eLaudatio\u306b\u3042\u308b\u3088\u3046\u306b\u3001\u3053\u308c\u307e\u3067\u306e\u4e2d\u8fbb\u6240\u9577\u306e\u7814\u7a76\u696d\u7e3e\u306b\u5bfe\u3057\u6388\u4e0e\u3055\u308c\u305f\u3082\u306e\u3067\u3059\u3002<\/p>\n<p>\u8a73\u3057\u304f\u306f<a href=\"http:\/\/www.avcr.cz\/en\/media\/news-archive\/The-renowned-chemist-Hiroshi-Nakatsuji-received-the-honorary-medal-of-the-Czech-Academy-of-Sciences\/\">\u30c1\u30a7\u30b3\u79d1\u5171\u548c\u56fd\u5b66\u30a2\u30ab\u30c7\u30df\u30fc\u306e\u30da\u30fc\u30b8<\/a>\u3092\u3054\u89a7\u304f\u3060\u3055\u3044\u3002<\/p>\n<p>\u672c\u53d7\u7ae0\u306eLaudatio\u306f <a href=\"https:\/\/qcri.or.jp\/lab\/wp-content\/uploads\/2018\/07\/HiroshiNakatsujilaudatio.pdf\"> \u3053\u3061\u3089(PDF\u30d5\u30a1\u30a4\u30eb) <\/a>\u304b\u3089\u3054\u89a7\u3044\u305f\u3060\u3051\u307e\u3059\u3002<\/p>\n<p>(\u5199\u771f\u3092\u30af\u30ea\u30c3\u30af\u3059\u308b\u3068\u5927\u304d\u306a\u5199\u771f\u3067\u3054\u89a7\u3044\u305f\u3060\u3051\u307e\u3059\u3002)<\/p>\n<table cellspacing=\"0\" cellpadding=\"0\" align=\"top\">\n<tbody>\n<tr>\n<td><a href=\"https:\/\/qcri.or.jp\/lab\/wp-content\/uploads\/2018\/07\/2018-05-23_17.07.07.jpg\"><img decoding=\"async\" src=\"https:\/\/qcri.or.jp\/lab\/wp-content\/uploads\/2018\/07\/2018-05-23_17.07.07.jpg\" width=\"330\" \/><\/a><br \/>\nLaudatio\u3092\u8aad\u307f\u4e0a\u3052\u308bZden\u011bk Havlas\u6559\u6388(\u53f3)\u3068\u3001\u30c1\u30a7\u30b3\u5171\u548c\u56fd\u79d1\u5b66\u30a2\u30ab\u30c7\u30df\u30fcPresident\u306eEva Za\u017e\u00edmalov\u00e1\u3055\u3093(\u5de6)<\/td>\n<td><a href=\"https:\/\/qcri.or.jp\/lab\/wp-content\/uploads\/2018\/07\/2018-05-23_17.21.39.jpg\"><img decoding=\"async\" src=\"https:\/\/qcri.or.jp\/lab\/wp-content\/uploads\/2018\/07\/2018-05-23_17.21.39.jpg\" width=\"330\" \/><\/a><br \/>\n\u4e2d\u8fbb\u535a\u6240\u9577\u3068\u30c1\u30a7\u30b3\u5171\u548c\u56fd\u79d1\u5b66\u30a2\u30ab\u30c7\u30df\u30fcPresident\u306eEva Za\u017e\u00edmalov\u00e1\u3055\u3093\u3001\u53ca\u3073\u30e1\u30c0\u30eb\u3068\u8a3c\u66f8<\/td>\n<\/tr>\n<tr>\n<td style=\"text-align: center;\" colspan=\"2\"><a href=\"https:\/\/qcri.or.jp\/lab\/wp-content\/uploads\/2018\/07\/AV-4_result.jpg\"><img decoding=\"async\" src=\"https:\/\/qcri.or.jp\/lab\/wp-content\/uploads\/2018\/07\/AV-4_result.jpg\" width=\"600\" \/><\/a><br \/>\n\u6388\u7ae0\u5f8c\u306e\u795d\u8cc0\u4f1a\u306e\u69d8\u5b50<br \/>\n(\u53f3\u304b\u3089) President Za\u017e\u00edmalov\u00e1\u3001\u4e2d\u8fbb \u6240\u9577\u3001Havlas\u6559\u6388\u3001\u698a\u6559\u6388\u3001\u4e2d\u4e95\u6559\u6388\u3001\u6c5f\u539f\u6559\u6388<\/td>\n<\/tr>\n<tr>\n<td><a href=\"https:\/\/qcri.or.jp\/lab\/wp-content\/uploads\/2018\/07\/IMG_3087.JPG\"><img decoding=\"async\" src=\"https:\/\/qcri.or.jp\/lab\/wp-content\/uploads\/2018\/07\/IMG_3087.JPG\" width=\"330\" \/><\/a><br \/>\n\u30e1\u30c0\u30eb(\u8868)\u3068\u8a3c\u66f8<\/td>\n<td style=\"vertical-align: top;\"><a href=\"https:\/\/qcri.or.jp\/lab\/wp-content\/uploads\/2018\/07\/IMG_3086.JPG\"><img decoding=\"async\" src=\"https:\/\/qcri.or.jp\/lab\/wp-content\/uploads\/2018\/07\/IMG_3086.JPG\" width=\"330\" \/><\/a><br \/>\n\u30e1\u30c0\u30eb(\u88cf)\u3068\u8a3c\u66f8<\/td>\n<\/tr>\n<\/tbody>\n<\/table>\n<\/div>\n<h3>\u7b2c6\u56deJCS\u7406\u8ad6\u5316\u5b66\u30b7\u30f3\u30dd\u30b8\u30a6\u30e0(\u30b9\u30ed\u30d0\u30ad\u30a2)\u958b\u50ac\u306e\u3054\u5831\u544a<\/h3>\n<p><img decoding=\"async\" src=\"https:\/\/qcri.or.jp\/lab\/wp-content\/uploads\/2015\/11\/IMG_6705small.jpg\" width=\"680\" \/><\/p>\n<div>\u7b2c6\u56deJCS\u7406\u8ad6\u5316\u5b66\u30b7\u30f3\u30dd\u30b8\u30a6\u30e0\u304c2015\u5e7410\u670811\u65e5(\u65e5)-15\u65e5(\u6728)\u306b\u3001\u30b9\u30ed\u30d0\u30ad\u30a2 \u30d6\u30e9\u30c6\u30a3\u30b9\u30e9\u30f4\u30a1\u90ca\u5916\u306eSmolenice\u57ce\u306b\u3066\u958b\u50ac\u3055\u308c\u307e\u3057\u305f\u3002\u672c\u56fd\u969b\u4f1a\u8b70\u306f\u3001\u30c1\u30a7\u30b3\u306e\u7406\u8ad6\u5316\u5b66\u8005\u3001R. Zahradnik\u6559\u6388\u3001Z. Havlas\u6559\u6388\u3068\u3001\u65e5\u672c\u306e\u4e2d\u8fbb\u304c\u4e2d\u5fc3\u3068\u306a\u308a\u3001\u65e5\u672c\u30fb\u30c1\u30a7\u30b3\u30fb\u30b9\u30ed\u30d0\u30ad\u30a23\u56fd\u306e\u7406\u8ad6\u5316\u5b66\u8005\u306b\u5171\u901a\u306e\u9ad8\u3044\u30ec\u30d9\u30eb\u3067\u306e\u79d1\u5b66\u7684\u3064\u306a\u304c\u308a\u3068\u6e29\u304b\u3044\u53cb\u60c5\u3092\u3082\u3068\u306b\u30b9\u30bf\u30fc\u30c8\u3057\u305f\u3082\u306e\u3067\u3059\u3002\u300cFriendship is our principle, Science will follow with us.\u300d\u3001\u3064\u307e\u308a\u3001\u300c\u4eba\u3068\u4eba\u3068\u306e\u6e29\u304b\u3044\u53cb\u60c5\u304c\u65b0\u305f\u306a\u30b5\u30a4\u30a8\u30f3\u30b9\u306e\u5275\u9020\u3068\u80b2\u6210\u3092\u30ea\u30fc\u30c9\u3059\u308b\u300d\u3092\u7406\u5ff5\u3068\u3057\u3066\u3044\u307e\u3059\u3002\u3053\u306e\u5ea6\u306e\u7b2c6\u56de\u30b7\u30f3\u30dd\u30b8\u30a6\u30e0\u3067\u3082\u3001\u6d3b\u767a\u306a\u7814\u7a76\u767a\u8868\u3068\u30c7\u30a3\u30b9\u30ab\u30c3\u30b7\u30e7\u30f3\u304c\u5c55\u958b\u3055\u308c\u308b\u76db\u6cc1\u306a\u4f1a\u8b70\u3068\u306a\u308a\u307e\u3057\u305f\u3002\u904e\u53bb\u306e\u30b7\u30f3\u30dd\u30b8\u30a6\u30e0\u3068\u540c\u69d8\u3001\u5b66\u8853\u7684\u306a\u30ec\u30d9\u30eb\u306e\u9ad8\u3055\u3068\u7814\u7a76\u8005\u540c\u58eb\u306e\u6e29\u304b\u3044\u7814\u7a76\u4ea4\u6d41\u3092\u57fa\u790e\u3068\u3057\u3066\u3001\u56fd\u969b\u5171\u540c\u7814\u7a76\u3078\u306e\u81ea\u7136\u306a\u767a\u5c55\u306b\u7e4b\u304c\u3063\u3066\u884c\u304f\u3082\u306e\u3068\u671f\u5f85\u3055\u308c\u307e\u3059\u3002\u4eca\u56de\u306f\u65e5\u672c\u306e\u82e5\u624b\u7406\u8ad6\u5316\u5b66\u8005\u304c\u591a\u304f\u53c2\u52a0\u3057\u307e\u3057\u305f\u304c\u3001\u6b21\u4e16\u4ee3\u3092\u62c5\u3046\u82e5\u624b\u7814\u7a76\u8005\u304c\u3053\u306e\u30b7\u30f3\u30dd\u30b8\u30a6\u30e0\u306e\u7406\u5ff5\u3092\u5f37\u304f\u8a8d\u8b58\u3057\u3001\u305d\u306e\u7406\u5ff5\u306e\u5143\u3067\u3088\u308a\u7a4d\u6975\u7684\u306b\u884c\u52d5\u3059\u308b\u3053\u3068\u3067\u3001\u672c\u30b7\u30f3\u30dd\u30b8\u30a6\u30e0\u306f\u3055\u3089\u306b\u7d20\u6674\u3089\u3057\u3044\u3082\u306e\u306b\u306a\u3063\u3066\u3044\u304f\u3068\u601d\u308f\u308c\u307e\u3059\u3002<\/div>\n<div>\u30fb\u7b2c6\u56deJCS\u7406\u8ad6\u5316\u5b66\u30b7\u30f3\u30dd\u30b8\u30a6\u30e0\u3000<a href=\"http:\/\/jcs-2015.sav.sk\/ \"><strong>\u516c\u5f0f\u30da\u30fc\u30b8<\/strong><\/a><\/p>\n<div>\u30fb\u5199\u771f\u306f\u3053\u3061\u3089\u304b\u3089\u3054\u89a7\u3044\u305f\u3060\u3051\u307e\u3059\u3002<a href=\"https:\/\/qcri.or.jp\/jcs2015\/jcs2015photos.html\"><strong>\u5199\u771f\u306e\u30da\u30fc\u30b8<\/strong><\/a><\/p>\n<h3>\u7b2c\uff15\u56deJCS\u7406\u8ad6\u5316\u5b66\u30b7\u30f3\u30dd\u30b8\u30a6\u30e0(\u5948\u826f)<\/h3>\n<p>\u7b2c\uff15\u56deJapan-Czech-Slovakia (JCS) International Symposium on Theoretical Chemistry \u304c2013\u5e7412\u67082\u65e56\u65e5\u306b\u5948\u826f\u306b\u3066\u958b\u50ac\u3055\u308c\u307e\u3059\u3002\u8a73\u3057\u304f\u306f\u5c02\u7528<a href=\"http:\/\/qcri.or.jp\/jcs2013\">Web Site<\/a>\u3092\u3054\u89a7\u4e0b\u3055\u3044\u3002<\/p>\n<p>&nbsp;<\/p>\n<div align=\"right\">Click to get the pdf file.<\/div>\n<p><img decoding=\"async\" src=\"http:\/\/qcri.or.jp\/jcs2013\/img\/top\/Poster.png\" width=\"600\" \/><\/p>\n<div align=\"right\">Click to get the pdf file.<\/div>\n<div><\/div>\n<h3><\/h3>\n<h3>\u7b2c\uff14\u56deJCS\u7406\u8ad6\u5316\u5b66\u30b7\u30f3\u30dd\u30b8\u30a6\u30e0(\u30d7\u30e9\u30cf)\u958b\u50ac\u306e\u3054\u5831\u544a<\/h3>\n<div>2011\u5e745\u670818\u65e520\u65e5\u306b\u30014th Japan-Czech-Slovakia (JCS) Symposium on Theoretical Chemistry\u304c\u3001\u30c1\u30a7\u30b3\u5171\u548c\u56fd\u306e\u30d7\u30e9\u30cf\u90ca\u5916\u306b\u3042\u308bLiblice Castle\u306b\u3066\u884c\u308f\u308c\u307e\u3057\u305f\u3002\u30b7\u30f3\u30dd\u30b8\u30a6\u30e0\u306b\u306f\u3001\u65e5\u672c\u30fb\u30c1\u30a7\u30b3\u30fb\u30b9\u30ed\u30d0\u30ad\u30a2\u5404\u56fd\u304b\u3089\u7d0470\u540d\u306e\u7406\u8ad6\u5316\u5b66\u8005\u304c\u53c2\u52a0\u3057\u3001\u5927\u5909\u548c\u3084\u304b\u306a\u96f0\u56f2\u6c17\u306a\u304c\u3089\u3082\u6d3b\u767a\u306a\u8b70\u8ad6\u304c\u884c\u308f\u308c\u307e\u3057\u305f\u3002\u672c\u30b7\u30f3\u30dd\u30b8\u30a6\u30e0\u3092organize\u3055\u308c\u305f Prof. Lubomir Rulisek \u4e26\u3073\u306b Prof. Jiri Pittner \u306b\u306f\u5927\u5909\u304a\u4e16\u8a71\u306b\u306a\u308a\u307e\u3057\u305f\u3002\u3053\u306e\u5834\u3092\u501f\u308a\u3066\u5fa1\u793c\u7533\u3057\u4e0a\u3052\u307e\u3059\u3002\u307e\u305f\u3001\u672c\u30b7\u30f3\u30dd\u30b8\u30a6\u30e0\u3092\u5fa1\u652f\u63f4\u3044\u305f\u3060\u3044\u305f\u5728\u30d7\u30e9\u30cf\u65e5\u672c\u9818\u4e8b\u9928\u306e\u570b\u65b9\u5927\u4f7f\u53ca\u3073\u9928\u54e1\u306e\u7686\u69d8\u306b\u611f\u8b1d\u3044\u305f\u3057\u307e\u3059\u3002\u540c\u6642\u306b\u3001\u672c\u30b7\u30f3\u30dd\u30b8\u30a6\u30e0\u306b\u53c2\u52a0\u3055\u308c\u305f\u5168\u3066\u306e\u65b9\u3005\u306b\u611f\u8b1d\u306e\u610f\u3092\u8868\u3057\u307e\u3059\u3002<\/div>\n<div>\u30fb\u7b2c\uff14\u56deJCS\u7406\u8ad6\u5316\u5b66\u30b7\u30f3\u30dd\u30b8\u30a6\u30e0\u3000<a href=\"https:\/\/www.jh-inst.cas.cz\/tchem\/jcs-2011\/ \"><strong>\u516c\u5f0f\u30da\u30fc\u30b8<\/strong><\/a><br \/>\n\u30fb\u53c2\u52a0\u8005\u306e\u65b9\u3005\u304b\u3089\u3044\u305f\u3060\u3044\u305f\u3001\u5b66\u4f1a\u4e2d\u306e\u5199\u771f\u3092<a href=\"https:\/\/qcri.or.jp\/jcs_en.html\"><strong>\u3053\u3061\u3089\u30da\u30fc\u30b8<\/strong><\/a>\u306b\u3066\u516c\u958b\u3057\u3066\u304a\u308a\u307e\u3059\u3002<br \/>\n\u30fb\u5b66\u4f1a\u306e\u69d8\u5b50\u304c <a href=\"http:\/\/abicko.avcr.cz\/\">Bulletin of the Academy of Sciences of the Czech Republic\u8a8c<\/a> \u306b\u63b2\u8f09\u3055\u308c\u307e\u3057\u305f\u3002<a href=\"http:\/\/abicko.avcr.cz\/miranda2\/export\/sitesavcr\/data.avcr.cz\/abicko\/2011\/07\/pdf\/AB7_8_11_WEB.pdf\"><strong>\u3053\u3061\u3089\u306e\u30da\u30fc\u30b8<\/strong><\/a>\u3088\u308a\u30c0\u30a6\u30f3\u30ed\u30fc\u30c9\u3067\u304d\u307e\u3059\u3002<\/div>\n<div><\/div>\n<div style=\"text-align: center;\"><span style=\"font-size: medium;\">\u2606JCS\u7406\u8ad6\u5316\u5b66\u30b7\u30f3\u30dd\u30b8\u30a6\u30e0\u306b\u3064\u3044\u3066<\/span><\/div>\n<div><\/div>\n<div>JCS\u7406\u8ad6\u5316\u5b66\u30b7\u30f3\u30dd\u30b8\u30a6\u30e0\u306f\u3001Havlas\u6559\u6388\u3068\u4e2d\u8fbb\u6559\u6388\u304c\u4e2d\u5fc3\u3068\u306a\u3063\u3066\u3001\u65e5\u672c\u30fb\u30c1\u30a7\u30b3\u30fb\u30b9\u30ed\u30d0\u30ad\u30a2\u306e\uff13\u56fd\u306e\u7406\u8ad6\u79d1\u5b66\u8005\u3092\u4e2d\u5fc3\u306b\u9ad8\u3044\u30ec\u30d9\u30eb\u3067\u306e\u79d1\u5b66\u7684\u3064\u306a\u304c\u308a\u3068\u6696\u304b\u3044\u53cb\u60c5\u3092\u3082\u3068\u306b\u30b9\u30bf\u30fc\u30c8\u3057\u305f\u56fd\u969b\u5b66\u4f1a\u3067\u3059\u3002\u3053\u308c\u307e\u3067\u3001\u7b2c\uff11\u56de(2005\u5e74)\u306f\u30c1\u30a7\u30b3\u306e\u30d7\u30e9\u30cf\u3001\u7b2c\uff12\u56de(2007\u5e74)\u306f\u4eac\u90fd\u3001\u7b2c\uff13\u56de(2009\u5e74)\u306f\u30b9\u30ed\u30d0\u30ad\u30a2\u306e\u30d6\u30e9\u30c1\u30b9\u30e9\u30d0\u3067\u958b\u50ac\u3055\u308c\u3066\u304d\u307e\u3057\u305f\u3002<br \/>\n<span style=\"color: #00bfff;\">\u306a\u304a\u3001\u6b21\u56de\u306e\u7b2c\uff15\u56deJCS\u7406\u8ad6\u5316\u5b66\u30b7\u30f3\u30dd\u30b8\u30a6\u30e0\u306f\u3001\u6765\u305f\u308b2013\u5e7412\u6708\u306b\u3001\u5948\u826f\u306b\u3066\u958b\u50ac\u3055\u308c\u308b\u4e88\u5b9a\u3067\u3059\u306e\u3067\u3001\u8208\u5473\u3042\u308b\u65b9\u306f\u305c\u3072\u3054\u53c2\u52a0\u304f\u3060\u3055\u3044\u3002<\/span><\/div>\n<div><img decoding=\"async\" src=\"https:\/\/qcri.or.jp\/lab\/JCS\/JCS2011.png\" alt=\"\" \/><br \/>\n(Bulletin of the Academy of Sciences of the Czech Republic 2011\u5e747,8\u6708\u53f720\u30da\u30fc\u30b8\u3088\u308a)<\/div>\n<\/div>\n<\/div>\n","protected":false},"excerpt":{"rendered":"<p>\u7b2c8\u56deJCS\u7406\u8ad6\u5316\u5b66\u30b7\u30f3\u30dd\u30b8\u30a6\u30e0(\u672d\u5e4c)\u958b\u50ac \u7b2c8\u56deJCS\u7406\u8ad6\u5316\u5b66\u30b7\u30f3\u30dd\u30b8\u30a6\u30e0\u306f &hellip; <a href=\"https:\/\/qcri.or.jp\/lab\/ja\/event_ja\/jcs1105\">\u7d9a\u304d\u3092\u8aad\u3080 <span class=\"meta-nav\">&rarr;<\/span><\/a><\/p>\n","protected":false},"author":2,"featured_media":0,"parent":1607,"menu_order":0,"comment_status":"closed","ping_status":"open","template":"","meta":{"footnotes":""},"class_list":["post-1175","page","type-page","status-publish","hentry"],"_links":{"self":[{"href":"https:\/\/qcri.or.jp\/lab\/wp-json\/wp\/v2\/pages\/1175","targetHints":{"allow":["GET"]}}],"collection":[{"href":"https:\/\/qcri.or.jp\/lab\/wp-json\/wp\/v2\/pages"}],"about":[{"href":"https:\/\/qcri.or.jp\/lab\/wp-json\/wp\/v2\/types\/page"}],"author":[{"embeddable":true,"href":"https:\/\/qcri.or.jp\/lab\/wp-json\/wp\/v2\/users\/2"}],"replies":[{"embeddable":true,"href":"https:\/\/qcri.or.jp\/lab\/wp-json\/wp\/v2\/comments?post=1175"}],"version-history":[{"count":42,"href":"https:\/\/qcri.or.jp\/lab\/wp-json\/wp\/v2\/pages\/1175\/revisions"}],"predecessor-version":[{"id":4109,"href":"https:\/\/qcri.or.jp\/lab\/wp-json\/wp\/v2\/pages\/1175\/revisions\/4109"}],"up":[{"embeddable":true,"href":"https:\/\/qcri.or.jp\/lab\/wp-json\/wp\/v2\/pages\/1607"}],"wp:attachment":[{"href":"https:\/\/qcri.or.jp\/lab\/wp-json\/wp\/v2\/media?parent=1175"}],"curies":[{"name":"wp","href":"https:\/\/api.w.org\/{rel}","templated":true}]}}