{"id":2971,"date":"2024-12-19T13:00:03","date_gmt":"2024-12-19T04:00:03","guid":{"rendered":"http:\/\/www.qcri.or.jp\/?page_id=2971"},"modified":"2025-03-03T14:50:56","modified_gmt":"2025-03-03T05:50:56","slug":"top","status":"publish","type":"page","link":"https:\/\/qcri.or.jp\/lab_en\/","title":{"rendered":"TOP"},"content":{"rendered":"\n<figure class=\"wp-block-table aligncenter\"><table class=\"has-fixed-layout\"><tbody><tr><td><center><font color=\"blue\"><strong>Researches by Prof. Hiroshi Nakatsuji<\/strong><\/font><\/center><br><a href=\"http:\/\/qcri.or.jp\/nakatsuji.htm\"><strong>Here<\/strong><\/a> is accounts of his researches, <a href=\"https:\/\/qcri.or.jp\/lab_en\/english\/publist_e\"><strong>here<\/strong><\/a> is the list of publications.<br><br><u>Awards<\/u>: main<br>\u30fb<em><strong>CSJ Award<\/strong><\/em> from The Chemical Society of Japan (2004)<br>\u30fb<em><strong>Fukui Medal<\/strong><\/em> from Asia-Pacific Association of Theoretical &amp; Computational Chemists (APATCC) (2009)<br>\u30fb<em><strong>Schr\u00f6dinger Medal<\/strong><\/em> from the World Association of Theoretical and Computational Chemists (WATOC) (2016)<br>\u30fb<em><strong>Honorary Medal<\/strong> <\/em>from The Czech Academy of Sciences (2017)<br><\/td><\/tr><\/tbody><\/table><\/figure>\n\n\n<table rules=\"all\" cellspacing=\"10\" cellpadding=\"0\" align=\"left\">\n<tbody>\n<tr>\n<td>\n<div style=\"text-align: center;\"><strong><span style=\"font-size: large; color: blue;\">New Paper<\/span><\/strong><\/div>\n<div style=\"text-align: left;\">&#8220;Solving the Schr\u00f6dinger equation of atoms and molecules using one- and two-electron integrals only&#8221;, Hiroshi Nakatsuji, Hiroyuki Nakashima, and Yusaku I. Kurokawa, Phys. Rev. A. 101, 062508 (2020). Copy can be downloaded from <a href=\"https:\/\/qcri.or.jp\/lab_en\/english\/publist_e\">List of Publications<\/a>.<\/div>\n<\/td>\n<\/tr>\n<\/tbody>\n<\/table>\n<table rules=\"all\" cellspacing=\"0\" cellpadding=\"0\" align=\"left\">\n<tbody>\n<tr>\n<td>\n<div style=\"text-align: center;\"><span style=\"color: blue; font-size: large;\"><strong>Hiroyuki Nakashima received &#8220;2020 Pople Medal&#8221;<\/strong><\/span><\/div>\n<p>Dr. Hiroyuki Nakashima received the 2020 Pople Medal, which is the prize on the Asia-Pacific Association of Theoretical &amp; Computational Chemists (APATCC) for an outstanding younger theoretical\/computational chemist. For details, please see <a href=\"http:\/\/www.apatcc.org\/awards.html\">http:\/\/www.apatcc.org\/awards.html<\/a>.<\/p>\n<\/td>\n<\/tr>\n<\/tbody>\n<\/table>\n<table rules=\"all\" cellspacing=\"0\" cellpadding=\"0\" align=\"left\">\n<tbody>\n<tr>\n<td>\n<div style=\"text-align: center;\"><span style=\"color: blue; font-size: large;\"><strong>8th Japan-Czech-Slovak Symposium on Theoretical Chemistry<\/strong><\/span><\/div>\n<p>The 8th Japan-Czech-Slovak Symposium on Theoretical Chemistry will be held in Hokkaido University in Sapporo, Japan in July 6-9, 2020. See <a href=\"https:\/\/www.cat.hokudai.ac.jp\/jcs8\/\"><strong>here<\/strong><\/a> for details.<\/p>\n<\/td>\n<\/tr>\n<\/tbody>\n<\/table>\n<table rules=\"all\" cellspacing=\"0\" cellpadding=\"0\" align=\"left\">\n<tbody>\n<tr>\n<td>\n<div style=\"text-align: center;\"><span style=\"color: blue; font-size: large;\"><strong>Nakatsuji received &#8220;De scientia et humanitate optime meritis&#8221; Medal<\/strong><br \/><\/span><\/div>\n<p>Hiroshi Nakatsuji, the director of QCRI, received the highest award of the Czech Science Academy (AV), the &#8220;De scientia et humanitate optime meritis&#8221; honorary medal for his contribution to science and humanitarian ideas, from AV President Eva Zazimalova on May 23, 2018.<\/p>\n<div>\n<p>Please go to <a href=\"http:\/\/www.avcr.cz\/en\/media\/news-archive\/The-renowned-chemist-Hiroshi-Nakatsuji-received-the-honorary-medal-of-the-Czech-Academy-of-Sciences\/\"> Czech Science Academy page<\/a> for details.<\/p>\n<p>The laudation from the Czech Science Academy at the ceremony can be read <a href=\"https:\/\/qcri.or.jp\/lab\/wp-content\/uploads\/2018\/07\/HiroshiNakatsujilaudatio.pdf\"> here (PDF file) <\/a>.<\/p>\n<p>(Click the photos for enlarged ones.)<\/p>\n<table style=\"border-color: white; border-width: 0;\">\n<tbody>\n<tr>\n<td><a href=\"https:\/\/qcri.or.jp\/lab\/wp-content\/uploads\/2018\/07\/2018-05-23_17.07.07.jpg\"><img decoding=\"async\" src=\"https:\/\/qcri.or.jp\/lab\/wp-content\/uploads\/2018\/07\/2018-05-23_17.07.07.jpg\" width=\"330\" \/><\/a><br \/>Prof. Havlas(right) reading the award comment, and Ms. Eva Za\u017e\u00edmalov\u00e1(left), President of the Czech Science Academy<\/td>\n<td><a href=\"https:\/\/qcri.or.jp\/lab\/wp-content\/uploads\/2018\/07\/2018-05-23_17.21.39.jpg\"><img decoding=\"async\" src=\"https:\/\/qcri.or.jp\/lab\/wp-content\/uploads\/2018\/07\/2018-05-23_17.21.39.jpg\" width=\"330\" \/><\/a><br \/>Director Hiroshi Nakatsuji and Ms. Eva Za\u017e\u00edmalov\u00e1, President of the Czech Science Academy, and the Medal and the Certificate<\/td>\n<\/tr>\n<tr>\n<td style=\"text-align: center;\" colspan=\"2\"><a href=\"https:\/\/qcri.or.jp\/lab\/wp-content\/uploads\/2018\/07\/AV-4_result.jpg\"><img decoding=\"async\" src=\"https:\/\/qcri.or.jp\/lab\/wp-content\/uploads\/2018\/07\/AV-4_result.jpg\" width=\"600\" \/><\/a><br \/>The celebration after the award ceremony<br \/>(from right) President Za\u017e\u00edmalov\u00e1, Director Nakatsuji, Prof. Havlas, Prof. Sakaki, Prof. Nakai, Prof. Ehara<\/td>\n<\/tr>\n<tr>\n<td><a href=\"https:\/\/qcri.or.jp\/lab\/wp-content\/uploads\/2018\/07\/IMG_3087.JPG\"><img decoding=\"async\" src=\"https:\/\/qcri.or.jp\/lab\/wp-content\/uploads\/2018\/07\/IMG_3087.JPG\" width=\"330\" \/><\/a><br \/>the Medal(face) and the Certificate<\/td>\n<td style=\"vertical-align: top;\"><a href=\"https:\/\/qcri.or.jp\/lab\/wp-content\/uploads\/2018\/07\/IMG_3086.JPG\"><img decoding=\"async\" src=\"https:\/\/qcri.or.jp\/lab\/wp-content\/uploads\/2018\/07\/IMG_3086.JPG\" width=\"330\" \/><\/a><br \/>the Medal(back) and the Certificate<\/td>\n<\/tr>\n<\/tbody>\n<\/table>\n<\/div>\n<\/td>\n<\/tr>\n<\/tbody>\n<\/table>\n<table rules=\"all\" cellspacing=\"0\" cellpadding=\"0\" align=\"left\">\n<tbody>\n<tr>\n<td>\n<div style=\"text-align: center;\"><strong><span style=\"font-size: large;\"><span style=\"color: blue;\">News<\/span><\/span><\/strong><\/p>\n<div style=\"text-align: center;\"><span style=\"color: red;\">The director, Hiroshi Nakatsuji was awarded the 2016 Schr\u00f6dinger medal of WATOC \u201cFor the discovery and development of general methods of solving the Schr\u00f6dinger equation of atoms and molecules\u201d.<br \/><\/span><\/div>\n<p>&nbsp;<\/p>\n<p>The WATOC (World Association of Theoretical and Computational Chemists) Schr\u00f6dinger medal is awarded each year to one outstanding theoretical and computational chemist<br \/><a href=\"http:\/\/watoc.net\/watoc.schroedinger.html\"> http:\/\/watoc.net\/watoc.schroedinger.html<\/a>.<\/p>\n<\/div>\n<\/td>\n<\/tr>\n<\/tbody>\n<\/table>\n<table rules=\"all\" cellspacing=\"0\" cellpadding=\"0\" align=\"left\">\n<tbody>\n<tr>\n<td>\n<div style=\"text-align: center;\"><span style=\"color: blue; font-size: large;\"><strong>Abstract of the Plenary Lecture at WATOC 2017, Munich<\/strong><br \/><\/span><\/div>\n<div style=\"text-align: center;\"><a href=\"https:\/\/qcri.or.jp\/lab\/wp-content\/uploads\/2017\/07\/WATOC_Abstract.pdf\"> <img decoding=\"async\" class=\"aligncenter size-full wp-image-2691\" title=\"WATOC_Abstract\" src=\"https:\/\/qcri.or.jp\/lab\/wp-content\/uploads\/2017\/07\/watoc_abst_nakatsuji.png\" alt=\"qcrishi2017springTop\" \/><\/a><\/div>\n<\/td>\n<\/tr>\n<\/tbody>\n<\/table>\n\n\n<p><\/p>\n","protected":false},"excerpt":{"rendered":"<p>Researches by Prof. Hiroshi NakatsujiHer &hellip; <a href=\"https:\/\/qcri.or.jp\/lab_en\/\">\u7d9a\u304d\u3092\u8aad\u3080 <span class=\"meta-nav\">&rarr;<\/span><\/a><\/p>\n","protected":false},"author":2,"featured_media":0,"parent":0,"menu_order":0,"comment_status":"closed","ping_status":"closed","template":"","meta":{"footnotes":""},"class_list":["post-2971","page","type-page","status-publish","hentry"],"_links":{"self":[{"href":"https:\/\/qcri.or.jp\/lab_en\/wp-json\/wp\/v2\/pages\/2971","targetHints":{"allow":["GET"]}}],"collection":[{"href":"https:\/\/qcri.or.jp\/lab_en\/wp-json\/wp\/v2\/pages"}],"about":[{"href":"https:\/\/qcri.or.jp\/lab_en\/wp-json\/wp\/v2\/types\/page"}],"author":[{"embeddable":true,"href":"https:\/\/qcri.or.jp\/lab_en\/wp-json\/wp\/v2\/users\/2"}],"replies":[{"embeddable":true,"href":"https:\/\/qcri.or.jp\/lab_en\/wp-json\/wp\/v2\/comments?post=2971"}],"version-history":[{"count":20,"href":"https:\/\/qcri.or.jp\/lab_en\/wp-json\/wp\/v2\/pages\/2971\/revisions"}],"predecessor-version":[{"id":4016,"href":"https:\/\/qcri.or.jp\/lab_en\/wp-json\/wp\/v2\/pages\/2971\/revisions\/4016"}],"wp:attachment":[{"href":"https:\/\/qcri.or.jp\/lab_en\/wp-json\/wp\/v2\/media?parent=2971"}],"curies":[{"name":"wp","href":"https:\/\/api.w.org\/{rel}","templated":true}]}}